{"id":3278,"date":"2019-07-30T15:58:52","date_gmt":"2019-07-30T20:58:52","guid":{"rendered":"https:\/\/www.agroserag.com\/site\/?post_type=product&#038;p=3278"},"modified":"2022-10-10T15:52:44","modified_gmt":"2022-10-10T20:52:44","slug":"rabanitos-rondeel-rz","status":"publish","type":"product","link":"https:\/\/www.agroserag.com\/site\/shop\/semillas\/hortalizas\/rabanitos-rondeel-rz\/","title":{"rendered":"R\u00c1BANO RONDEEL RZ"},"content":{"rendered":"<p style=\"text-align: justify;\">Variedad de r\u00e1bano redondo rojo, de calibre superior a 2,5 cm. La hoja es larga y de gran consistencia, haci\u00e9ndolo recomendable para la recolecci\u00f3n en manojos. Su color es rojo intenso brillante, la ra\u00edz terminal es muy fina, con una gran uniformidad y alta producci\u00f3n. Variedad muy resistente al rajado y al ahuecado interior. Esta variedad es recomendable para cualquier \u00e9poca del a\u00f1o.<\/p>\n","protected":false},"excerpt":{"rendered":"<p>Variedad de r\u00e1bano redondo rojo, de calibre superior a 2,5 cm. La hoja es larga y de gran consistencia, haci\u00e9ndolo recomendable para la recolecci\u00f3n en manojos. Su color es rojo intenso brillante, la ra\u00edz terminal es muy fina, con una gran uniformidad y alta producci\u00f3n. Variedad muy resistente al rajado y al ahuecado interior. Esta [&hellip;]<\/p>\n","protected":false},"featured_media":16267,"template":"","meta":{"om_disable_all_campaigns":false,"_uag_custom_page_level_css":"","_monsterinsights_skip_tracking":false,"_monsterinsights_sitenote_active":false,"_monsterinsights_sitenote_note":"","_monsterinsights_sitenote_category":0},"product_brand":[],"product_cat":[36,29],"product_tag":[65],"class_list":{"0":"post-3278","1":"product","2":"type-product","3":"status-publish","4":"has-post-thumbnail","6":"product_cat-hortalizas","7":"product_cat-semillas","8":"product_tag-rabano","10":"first","11":"instock","12":"taxable","13":"shipping-taxable","14":"product-type-simple"},"aioseo_notices":[],"uagb_featured_image_src":{"full":["https:\/\/www.agroserag.com\/site\/wp-content\/uploads\/2022\/10\/FT-Rabano-Rondeel-RZ.jpg",800,800,false],"thumbnail":["https:\/\/www.agroserag.com\/site\/wp-content\/uploads\/2022\/10\/FT-Rabano-Rondeel-RZ.jpg",150,150,false],"medium":["https:\/\/www.agroserag.com\/site\/wp-content\/uploads\/2022\/10\/FT-Rabano-Rondeel-RZ.jpg",300,300,false],"medium_large":["https:\/\/www.agroserag.com\/site\/wp-content\/uploads\/2022\/10\/FT-Rabano-Rondeel-RZ.jpg",768,768,false],"large":["https:\/\/www.agroserag.com\/site\/wp-content\/uploads\/2022\/10\/FT-Rabano-Rondeel-RZ.jpg",800,800,false],"1536x1536":["https:\/\/www.agroserag.com\/site\/wp-content\/uploads\/2022\/10\/FT-Rabano-Rondeel-RZ.jpg",800,800,false],"2048x2048":["https:\/\/www.agroserag.com\/site\/wp-content\/uploads\/2022\/10\/FT-Rabano-Rondeel-RZ.jpg",800,800,false],"woocommerce_thumbnail":["https:\/\/www.agroserag.com\/site\/wp-content\/uploads\/2022\/10\/FT-Rabano-Rondeel-RZ.jpg",265,265,false],"woocommerce_single":["https:\/\/www.agroserag.com\/site\/wp-content\/uploads\/2022\/10\/FT-Rabano-Rondeel-RZ.jpg",450,450,false],"woocommerce_gallery_thumbnail":["https:\/\/www.agroserag.com\/site\/wp-content\/uploads\/2022\/10\/FT-Rabano-Rondeel-RZ.jpg",100,100,false],"sow-carousel-default":["https:\/\/www.agroserag.com\/site\/wp-content\/uploads\/2022\/10\/FT-Rabano-Rondeel-RZ.jpg",182,182,false]},"uagb_author_info":{"display_name":"Agroser","author_link":false},"uagb_comment_info":0,"uagb_excerpt":"Variedad de r\u00e1bano redondo rojo, de calibre superior a 2,5 cm. La hoja es larga y de gran consistencia, haci\u00e9ndolo recomendable para la recolecci\u00f3n en manojos. Su color es rojo intenso brillante, la ra\u00edz terminal es muy fina, con una gran uniformidad y alta producci\u00f3n. Variedad muy resistente al rajado y al ahuecado interior. Esta&hellip;","_links":{"self":[{"href":"https:\/\/www.agroserag.com\/site\/wp-json\/wp\/v2\/product\/3278","targetHints":{"allow":["GET"]}}],"collection":[{"href":"https:\/\/www.agroserag.com\/site\/wp-json\/wp\/v2\/product"}],"about":[{"href":"https:\/\/www.agroserag.com\/site\/wp-json\/wp\/v2\/types\/product"}],"wp:featuredmedia":[{"embeddable":true,"href":"https:\/\/www.agroserag.com\/site\/wp-json\/wp\/v2\/media\/16267"}],"wp:attachment":[{"href":"https:\/\/www.agroserag.com\/site\/wp-json\/wp\/v2\/media?parent=3278"}],"wp:term":[{"taxonomy":"product_brand","embeddable":true,"href":"https:\/\/www.agroserag.com\/site\/wp-json\/wp\/v2\/product_brand?post=3278"},{"taxonomy":"product_cat","embeddable":true,"href":"https:\/\/www.agroserag.com\/site\/wp-json\/wp\/v2\/product_cat?post=3278"},{"taxonomy":"product_tag","embeddable":true,"href":"https:\/\/www.agroserag.com\/site\/wp-json\/wp\/v2\/product_tag?post=3278"}],"curies":[{"name":"wp","href":"https:\/\/api.w.org\/{rel}","templated":true}]}}