{"id":7517,"date":"2019-10-28T18:36:15","date_gmt":"2019-10-28T23:36:15","guid":{"rendered":"https:\/\/www.agroserag.com\/site\/?post_type=product&#038;p=7517"},"modified":"2023-03-07T11:53:32","modified_gmt":"2023-03-07T16:53:32","slug":"galeon-247-sc","status":"publish","type":"product","link":"https:\/\/www.agroserag.com\/site\/shop\/proteccion\/insecticidas\/galeon-247-sc\/","title":{"rendered":"GALEON  247 SC"},"content":{"rendered":"<p><strong>LEON 247 SC <\/strong>es un insecticida sist\u00e9mico de amplio espectro. Thiametoxam es un insecticida del grupo qu\u00edmico neonicotinoides, act\u00faa sobre el sistema nervioso de los insectos en la pos-sinapsis interfiriendo los receptores de acetilcolina, lo cual corresponde a un punto diferente al sitio de acci\u00f3n de los carbamatos, fosforado. Lambdacyhalotrina es un piretroide de cuarta generaci\u00f3n y act\u00faa alterando la conducci\u00f3n de los impulsos nerviosos por medio del retardo en el cierre de los canales de sodio de los axones de las c\u00e9lulas del sistema nervios causando asi impulsos nerviosos repetitivos, p\u00e9rdida del control muscular generando un r\u00e1pido efecto de derribe sobre el insecto plaga (efecto <em>knock down<\/em>).<\/p>\n<p><strong>\u00a0<\/strong>No aplique el producto si se espera lluvia una hora despu\u00e9s de la aplicaci\u00f3n, pues el nivel de control puede disminuir.<\/p>\n","protected":false},"excerpt":{"rendered":"<p><img loading=\"lazy\" decoding=\"async\" class=\"alignnone size-full wp-image-15817\" src=\"https:\/\/www.agroserag.com\/site\/wp-content\/uploads\/2021\/03\/Galeon_247SC-1.jpg\" alt=\"\" width=\"190\" height=\"60\" \/><br \/>\nI.A: Thiamethoxam + Lambda-cyhalotrin<br \/>\nREGISTRO ICA: 2538<br \/>\nCATEGOR\u00cdA TOXICOL\u00d3GICA: II MODERADAMENTE PELIGROSO<\/p>\n","protected":false},"featured_media":15656,"template":"","meta":{"om_disable_all_campaigns":false,"_uag_custom_page_level_css":"","_monsterinsights_skip_tracking":false,"_monsterinsights_sitenote_active":false,"_monsterinsights_sitenote_note":"","_monsterinsights_sitenote_category":0},"product_brand":[],"product_cat":[25,18],"product_tag":[],"class_list":{"0":"post-7517","1":"product","2":"type-product","3":"status-publish","4":"has-post-thumbnail","6":"product_cat-insecticidas","7":"product_cat-proteccion","9":"first","10":"instock","11":"taxable","12":"shipping-taxable","13":"product-type-simple"},"aioseo_notices":[],"uagb_featured_image_src":{"full":["https:\/\/www.agroserag.com\/site\/wp-content\/uploads\/2021\/03\/Galeon_247SC.jpg",500,500,false],"thumbnail":["https:\/\/www.agroserag.com\/site\/wp-content\/uploads\/2021\/03\/Galeon_247SC.jpg",150,150,false],"medium":["https:\/\/www.agroserag.com\/site\/wp-content\/uploads\/2021\/03\/Galeon_247SC.jpg",300,300,false],"medium_large":["https:\/\/www.agroserag.com\/site\/wp-content\/uploads\/2021\/03\/Galeon_247SC.jpg",500,500,false],"large":["https:\/\/www.agroserag.com\/site\/wp-content\/uploads\/2021\/03\/Galeon_247SC.jpg",500,500,false],"1536x1536":["https:\/\/www.agroserag.com\/site\/wp-content\/uploads\/2021\/03\/Galeon_247SC.jpg",500,500,false],"2048x2048":["https:\/\/www.agroserag.com\/site\/wp-content\/uploads\/2021\/03\/Galeon_247SC.jpg",500,500,false],"woocommerce_thumbnail":["https:\/\/www.agroserag.com\/site\/wp-content\/uploads\/2021\/03\/Galeon_247SC.jpg",265,265,false],"woocommerce_single":["https:\/\/www.agroserag.com\/site\/wp-content\/uploads\/2021\/03\/Galeon_247SC.jpg",450,450,false],"woocommerce_gallery_thumbnail":["https:\/\/www.agroserag.com\/site\/wp-content\/uploads\/2021\/03\/Galeon_247SC.jpg",100,100,false],"sow-carousel-default":["https:\/\/www.agroserag.com\/site\/wp-content\/uploads\/2021\/03\/Galeon_247SC.jpg",182,182,false]},"uagb_author_info":{"display_name":"Mar\u00eda Fernanda Figueroa","author_link":false},"uagb_comment_info":0,"uagb_excerpt":"I.A: Thiamethoxam + Lambda-cyhalotrin REGISTRO ICA: 2538 CATEGOR\u00cdA TOXICOL\u00d3GICA: II MODERADAMENTE PELIGROSO","_links":{"self":[{"href":"https:\/\/www.agroserag.com\/site\/wp-json\/wp\/v2\/product\/7517","targetHints":{"allow":["GET"]}}],"collection":[{"href":"https:\/\/www.agroserag.com\/site\/wp-json\/wp\/v2\/product"}],"about":[{"href":"https:\/\/www.agroserag.com\/site\/wp-json\/wp\/v2\/types\/product"}],"wp:featuredmedia":[{"embeddable":true,"href":"https:\/\/www.agroserag.com\/site\/wp-json\/wp\/v2\/media\/15656"}],"wp:attachment":[{"href":"https:\/\/www.agroserag.com\/site\/wp-json\/wp\/v2\/media?parent=7517"}],"wp:term":[{"taxonomy":"product_brand","embeddable":true,"href":"https:\/\/www.agroserag.com\/site\/wp-json\/wp\/v2\/product_brand?post=7517"},{"taxonomy":"product_cat","embeddable":true,"href":"https:\/\/www.agroserag.com\/site\/wp-json\/wp\/v2\/product_cat?post=7517"},{"taxonomy":"product_tag","embeddable":true,"href":"https:\/\/www.agroserag.com\/site\/wp-json\/wp\/v2\/product_tag?post=7517"}],"curies":[{"name":"wp","href":"https:\/\/api.w.org\/{rel}","templated":true}]}}