{"id":7525,"date":"2019-10-28T18:50:35","date_gmt":"2019-10-28T23:50:35","guid":{"rendered":"https:\/\/www.agroserag.com\/site\/?post_type=product&#038;p=7525"},"modified":"2022-01-19T18:16:41","modified_gmt":"2022-01-19T23:16:41","slug":"banazole-250-ec","status":"publish","type":"product","link":"https:\/\/www.agroserag.com\/site\/shop\/proteccion\/fungicidas\/banazole-250-ec\/","title":{"rendered":"BANAZOLE 250 EC"},"content":{"rendered":"<p><strong>BANAZOLE<sup>\u00ae<\/sup> 250 EC<\/strong> es un fungicida de contacto y sist\u00e9mico, con actividad preventiva, curativa y erradicante. Es absorbido r\u00e1pidamente por las partes verdes de la planta. El movimiento en el interior de las hojas y \u00e1pices vegetativos es esencialmente traslaminar y la traslocaci\u00f3n acr\u00f3peta. su modo de acci\u00f3n consiste en la inhibici\u00f3n de la bios\u00edntesis del ergosterol actuando principalmente sobre la desmetilaci\u00f3n del C14, DMI.<\/p>\n","protected":false},"excerpt":{"rendered":"<p><img loading=\"lazy\" decoding=\"async\" class=\"alignnone size-full wp-image-15740\" src=\"https:\/\/www.agroserag.com\/site\/wp-content\/uploads\/2021\/01\/Banazole_250EC-1.jpg\" alt=\"\" width=\"190\" height=\"60\" \/><br \/>\nI.A: Difenoconazole<br \/>\nREGISTRO ICA: 2518<br \/>\nCATEGOR\u00cdA TOXICOL\u00d3GICA: III LIGERAMENTE PELIGROSO<\/p>\n","protected":false},"featured_media":15508,"template":"","meta":{"om_disable_all_campaigns":false,"_uag_custom_page_level_css":"","_monsterinsights_skip_tracking":false,"_monsterinsights_sitenote_active":false,"_monsterinsights_sitenote_note":"","_monsterinsights_sitenote_category":0},"product_brand":[],"product_cat":[27,18],"product_tag":[],"class_list":{"0":"post-7525","1":"product","2":"type-product","3":"status-publish","4":"has-post-thumbnail","6":"product_cat-fungicidas","7":"product_cat-proteccion","9":"first","10":"instock","11":"taxable","12":"shipping-taxable","13":"product-type-simple"},"aioseo_notices":[],"uagb_featured_image_src":{"full":["https:\/\/www.agroserag.com\/site\/wp-content\/uploads\/2021\/01\/Banazole_250EC.jpg",500,500,false],"thumbnail":["https:\/\/www.agroserag.com\/site\/wp-content\/uploads\/2021\/01\/Banazole_250EC.jpg",150,150,false],"medium":["https:\/\/www.agroserag.com\/site\/wp-content\/uploads\/2021\/01\/Banazole_250EC.jpg",300,300,false],"medium_large":["https:\/\/www.agroserag.com\/site\/wp-content\/uploads\/2021\/01\/Banazole_250EC.jpg",500,500,false],"large":["https:\/\/www.agroserag.com\/site\/wp-content\/uploads\/2021\/01\/Banazole_250EC.jpg",500,500,false],"1536x1536":["https:\/\/www.agroserag.com\/site\/wp-content\/uploads\/2021\/01\/Banazole_250EC.jpg",500,500,false],"2048x2048":["https:\/\/www.agroserag.com\/site\/wp-content\/uploads\/2021\/01\/Banazole_250EC.jpg",500,500,false],"woocommerce_thumbnail":["https:\/\/www.agroserag.com\/site\/wp-content\/uploads\/2021\/01\/Banazole_250EC-265x265.jpg",265,265,true],"woocommerce_single":["https:\/\/www.agroserag.com\/site\/wp-content\/uploads\/2021\/01\/Banazole_250EC-450x450.jpg",450,450,true],"woocommerce_gallery_thumbnail":["https:\/\/www.agroserag.com\/site\/wp-content\/uploads\/2021\/01\/Banazole_250EC-100x100.jpg",100,100,true],"sow-carousel-default":["https:\/\/www.agroserag.com\/site\/wp-content\/uploads\/2021\/01\/Banazole_250EC.jpg",182,182,false]},"uagb_author_info":{"display_name":"Mar\u00eda Fernanda Figueroa","author_link":false},"uagb_comment_info":0,"uagb_excerpt":"I.A: Difenoconazole REGISTRO ICA: 2518 CATEGOR\u00cdA TOXICOL\u00d3GICA: III LIGERAMENTE PELIGROSO","_links":{"self":[{"href":"https:\/\/www.agroserag.com\/site\/wp-json\/wp\/v2\/product\/7525","targetHints":{"allow":["GET"]}}],"collection":[{"href":"https:\/\/www.agroserag.com\/site\/wp-json\/wp\/v2\/product"}],"about":[{"href":"https:\/\/www.agroserag.com\/site\/wp-json\/wp\/v2\/types\/product"}],"wp:featuredmedia":[{"embeddable":true,"href":"https:\/\/www.agroserag.com\/site\/wp-json\/wp\/v2\/media\/15508"}],"wp:attachment":[{"href":"https:\/\/www.agroserag.com\/site\/wp-json\/wp\/v2\/media?parent=7525"}],"wp:term":[{"taxonomy":"product_brand","embeddable":true,"href":"https:\/\/www.agroserag.com\/site\/wp-json\/wp\/v2\/product_brand?post=7525"},{"taxonomy":"product_cat","embeddable":true,"href":"https:\/\/www.agroserag.com\/site\/wp-json\/wp\/v2\/product_cat?post=7525"},{"taxonomy":"product_tag","embeddable":true,"href":"https:\/\/www.agroserag.com\/site\/wp-json\/wp\/v2\/product_tag?post=7525"}],"curies":[{"name":"wp","href":"https:\/\/api.w.org\/{rel}","templated":true}]}}