{"id":7563,"date":"2019-10-29T10:37:55","date_gmt":"2019-10-29T15:37:55","guid":{"rendered":"https:\/\/www.agroserag.com\/site\/?post_type=product&#038;p=7563"},"modified":"2024-01-15T09:50:40","modified_gmt":"2024-01-15T14:50:40","slug":"zarpazo-290-sg","status":"publish","type":"product","link":"https:\/\/www.agroserag.com\/site\/shop\/proteccion\/insecticidas\/zarpazo-290-sg\/","title":{"rendered":"ZARPAZO 290 SG"},"content":{"rendered":"<p><strong>ZARPAZO 290 SG<\/strong>, insecticida que combina efectos de dos principios activos. Acetamiprid es un antagonista del receptor de Acetilcolina de tipo Nicot\u00ednico. Imita la acci\u00f3n de neurotransmisor acetilcolina bloqueando los receptores e interrumpiendo la transmisi\u00f3n de impulsos entre las c\u00e9lulas nerviosas, mientras que Emamectin Benzoate ejerce su actividad de control en los canales de cloro; se adhiere y activa los canales de cloruro en la membrana nerviosa interrumpiendo la transferencia de iones y la transmisi\u00f3n de impulsos entre las c\u00e9lulas nerviosas.<\/p>\n","protected":false},"excerpt":{"rendered":"<p><img loading=\"lazy\" decoding=\"async\" class=\"alignnone size-full wp-image-15831\" src=\"https:\/\/www.agroserag.com\/site\/wp-content\/uploads\/2021\/03\/Zarpazo_290SG-1.jpg\" alt=\"\" width=\"190\" height=\"60\" \/><br \/>\nI.A: Emamectin Benzoato + Acetamiprid<br \/>\nREGISTRO ICA: 2515<br \/>\nCATEGOR\u00cdA TOXICOL\u00d3GICA: III LIGERAMENTE PELIGROSO<\/p>\n","protected":false},"featured_media":15682,"template":"","meta":{"om_disable_all_campaigns":false,"_uag_custom_page_level_css":"","_monsterinsights_skip_tracking":false,"_monsterinsights_sitenote_active":false,"_monsterinsights_sitenote_note":"","_monsterinsights_sitenote_category":0},"product_brand":[],"product_cat":[25,18],"product_tag":[],"class_list":{"0":"post-7563","1":"product","2":"type-product","3":"status-publish","4":"has-post-thumbnail","6":"product_cat-insecticidas","7":"product_cat-proteccion","9":"first","10":"instock","11":"taxable","12":"shipping-taxable","13":"product-type-simple"},"aioseo_notices":[],"uagb_featured_image_src":{"full":["https:\/\/www.agroserag.com\/site\/wp-content\/uploads\/2021\/03\/Zarpazo_290SG.jpg",500,500,false],"thumbnail":["https:\/\/www.agroserag.com\/site\/wp-content\/uploads\/2021\/03\/Zarpazo_290SG.jpg",150,150,false],"medium":["https:\/\/www.agroserag.com\/site\/wp-content\/uploads\/2021\/03\/Zarpazo_290SG.jpg",300,300,false],"medium_large":["https:\/\/www.agroserag.com\/site\/wp-content\/uploads\/2021\/03\/Zarpazo_290SG.jpg",500,500,false],"large":["https:\/\/www.agroserag.com\/site\/wp-content\/uploads\/2021\/03\/Zarpazo_290SG.jpg",500,500,false],"1536x1536":["https:\/\/www.agroserag.com\/site\/wp-content\/uploads\/2021\/03\/Zarpazo_290SG.jpg",500,500,false],"2048x2048":["https:\/\/www.agroserag.com\/site\/wp-content\/uploads\/2021\/03\/Zarpazo_290SG.jpg",500,500,false],"woocommerce_thumbnail":["https:\/\/www.agroserag.com\/site\/wp-content\/uploads\/2021\/03\/Zarpazo_290SG.jpg",265,265,false],"woocommerce_single":["https:\/\/www.agroserag.com\/site\/wp-content\/uploads\/2021\/03\/Zarpazo_290SG.jpg",450,450,false],"woocommerce_gallery_thumbnail":["https:\/\/www.agroserag.com\/site\/wp-content\/uploads\/2021\/03\/Zarpazo_290SG.jpg",100,100,false],"sow-carousel-default":["https:\/\/www.agroserag.com\/site\/wp-content\/uploads\/2021\/03\/Zarpazo_290SG.jpg",182,182,false]},"uagb_author_info":{"display_name":"Mar\u00eda Fernanda Figueroa","author_link":false},"uagb_comment_info":0,"uagb_excerpt":"I.A: Emamectin Benzoato + Acetamiprid REGISTRO ICA: 2515 CATEGOR\u00cdA TOXICOL\u00d3GICA: III LIGERAMENTE PELIGROSO","_links":{"self":[{"href":"https:\/\/www.agroserag.com\/site\/wp-json\/wp\/v2\/product\/7563","targetHints":{"allow":["GET"]}}],"collection":[{"href":"https:\/\/www.agroserag.com\/site\/wp-json\/wp\/v2\/product"}],"about":[{"href":"https:\/\/www.agroserag.com\/site\/wp-json\/wp\/v2\/types\/product"}],"wp:featuredmedia":[{"embeddable":true,"href":"https:\/\/www.agroserag.com\/site\/wp-json\/wp\/v2\/media\/15682"}],"wp:attachment":[{"href":"https:\/\/www.agroserag.com\/site\/wp-json\/wp\/v2\/media?parent=7563"}],"wp:term":[{"taxonomy":"product_brand","embeddable":true,"href":"https:\/\/www.agroserag.com\/site\/wp-json\/wp\/v2\/product_brand?post=7563"},{"taxonomy":"product_cat","embeddable":true,"href":"https:\/\/www.agroserag.com\/site\/wp-json\/wp\/v2\/product_cat?post=7563"},{"taxonomy":"product_tag","embeddable":true,"href":"https:\/\/www.agroserag.com\/site\/wp-json\/wp\/v2\/product_tag?post=7563"}],"curies":[{"name":"wp","href":"https:\/\/api.w.org\/{rel}","templated":true}]}}